{"id":728,"date":"2025-07-22T10:59:29","date_gmt":"2025-07-22T15:59:29","guid":{"rendered":"https:\/\/mammothpearl.com\/?page_id=728"},"modified":"2026-04-14T16:40:11","modified_gmt":"2026-04-14T21:40:11","slug":"shortform_marz","status":"publish","type":"page","link":"https:\/\/mammothpearl.com\/index.php\/shortform_marz\/","title":{"rendered":"Marz Catalog"},"content":{"rendered":"<figure style=\"margin-bottom:var(--wp--preset--spacing--30);\" class=\"wp-block-post-featured-image\"><img loading=\"lazy\" decoding=\"async\" width=\"1233\" height=\"362\" src=\"https:\/\/mammothpearl.com\/wp-content\/uploads\/2025\/03\/MarzCommunityBeverageCo_02-e1753204302840.jpg\" class=\"attachment-post-thumbnail size-post-thumbnail wp-post-image\" alt=\"\" style=\"object-fit:cover;\" srcset=\"https:\/\/mammothpearl.com\/wp-content\/uploads\/2025\/03\/MarzCommunityBeverageCo_02-e1753204302840.jpg 1233w, https:\/\/mammothpearl.com\/wp-content\/uploads\/2025\/03\/MarzCommunityBeverageCo_02-e1753204302840-300x88.jpg 300w, https:\/\/mammothpearl.com\/wp-content\/uploads\/2025\/03\/MarzCommunityBeverageCo_02-e1753204302840-1024x301.jpg 1024w, https:\/\/mammothpearl.com\/wp-content\/uploads\/2025\/03\/MarzCommunityBeverageCo_02-e1753204302840-768x225.jpg 768w\" sizes=\"auto, (max-width: 1233px) 100vw, 1233px\" \/><\/figure>\n\n\n<div class=\"wp-block-columns lemmony-animation is-layout-flex wp-container-core-columns-is-layout-237abf13 wp-block-columns-is-layout-flex\" style=\"margin-bottom:3rem;padding-top:0;padding-bottom:0;--lemmony-animation-name:lemmonyFadeIn\">\n<div class=\"wp-block-column has-global-padding is-layout-constrained wp-block-column-is-layout-constrained\" style=\"flex-basis:30%\">\n<figure class=\"wp-block-image size-large\"><img loading=\"lazy\" decoding=\"async\" width=\"1024\" height=\"1024\" src=\"https:\/\/mammothpearl.com\/wp-content\/uploads\/2025\/03\/HighhopnhoneySQcopy-1-1024x1024.jpg\" alt=\"\" class=\"wp-image-444\" style=\"object-fit:cover\" srcset=\"https:\/\/mammothpearl.com\/wp-content\/uploads\/2025\/03\/HighhopnhoneySQcopy-1-1024x1024.jpg 1024w, https:\/\/mammothpearl.com\/wp-content\/uploads\/2025\/03\/HighhopnhoneySQcopy-1-300x300.jpg 300w, https:\/\/mammothpearl.com\/wp-content\/uploads\/2025\/03\/HighhopnhoneySQcopy-1-150x150.jpg 150w, https:\/\/mammothpearl.com\/wp-content\/uploads\/2025\/03\/HighhopnhoneySQcopy-1-768x768.jpg 768w, https:\/\/mammothpearl.com\/wp-content\/uploads\/2025\/03\/HighhopnhoneySQcopy-1.jpg 1233w\" sizes=\"auto, (max-width: 1024px) 100vw, 1024px\" \/><\/figure>\n<\/div>\n\n\n\n<div class=\"wp-block-column is-layout-flow wp-block-column-is-layout-flow\">\n<h4 class=\"wp-block-heading has-small-plus-font-size\" style=\"padding-top:0;padding-bottom:var(--wp--preset--spacing--10);padding-left:var(--wp--preset--spacing--10);font-style:normal;font-weight:100;letter-spacing:1px\">High Hop &#8216;n Honey Water<\/h4>\n\n\n\n<p class=\"has-body-color has-text-color has-link-color wp-elements-4408dfb6cc31c432c90ad5a960d8f621\" style=\"padding-bottom:0px;padding-left:var(--wp--preset--spacing--10);line-height:1.4\">Redefine the BUZZ. We took our aromatic, sweet, sparkling tea\u2013the one made with raw honey and citra hops for juicy notes of mango and grapefruit\u2013and added 3MG of Delta-9 THC from organic, midwestern hemp. The result is High Hop N\u2019 Honey, an adult version of our popular Hop \u2018N Honey Water. This non-alcoholic hop water is from our line of micro-dosing beverages for the perfectly balanced buzz. &nbsp;All hail the queen, High Hop N\u2019 Honey! It&#8217;s the bees\u2019 knees.<\/p>\n<\/div>\n<\/div>\n\n\n\n<div class=\"wp-block-columns lemmony-animation is-layout-flex wp-container-core-columns-is-layout-4ad72811 wp-block-columns-is-layout-flex\" style=\"margin-top:0rem;margin-bottom:2rem;padding-top:0;padding-bottom:0;--lemmony-animation-name:lemmonyFadeIn\">\n<div class=\"wp-block-column is-layout-flow wp-container-core-column-is-layout-10295ebd wp-block-column-is-layout-flow\" style=\"padding-right:var(--wp--preset--spacing--20)\">\n<h4 class=\"wp-block-heading has-small-plus-font-size\" style=\"padding-top:0;padding-bottom:var(--wp--preset--spacing--10);padding-left:var(--wp--preset--spacing--10);font-style:normal;font-weight:300;letter-spacing:1px\">Citrus Party Botanical Seltzer<\/h4>\n\n\n\n<p class=\"has-body-color has-text-color has-link-color wp-elements-db3ecfa0d06c37eb522aa9e727d80f9f\" style=\"padding-right:0;padding-bottom:0px;padding-left:var(--wp--preset--spacing--10);font-style:normal;font-weight:400;line-height:1.4\">When life gives you lemons\u2026.and oranges, and grapefruit, and limes&#8230; What do you do? You PARTY. Citrus Party Botanical Seltzer is made with fresh lemon peel, orange peel, citra hops and a touch of turmeric to create a juicy, fragrant, botanical seltzer with a light and lasting flavor. Here\u2019s the twist: we\u2019ve added 3MG of water-soluble, nano-emulsified hemp and NO sugar. It has zero calories, so you can relax and enjoy yourself. Be cool. Celebrate!<\/p>\n<\/div>\n\n\n\n<div class=\"wp-block-column lemmony-animation has-global-padding is-layout-constrained wp-block-column-is-layout-constrained\" style=\"flex-basis:30%;--lemmony-animation-name:lemmonyFadeIn\">\n<figure class=\"wp-block-image size-large\"><img loading=\"lazy\" decoding=\"async\" width=\"1024\" height=\"1024\" src=\"https:\/\/mammothpearl.com\/wp-content\/uploads\/2025\/03\/citrusParty-2-1024x1024.png\" alt=\"\" class=\"wp-image-499\" style=\"object-fit:cover\" srcset=\"https:\/\/mammothpearl.com\/wp-content\/uploads\/2025\/03\/citrusParty-2-1024x1024.png 1024w, https:\/\/mammothpearl.com\/wp-content\/uploads\/2025\/03\/citrusParty-2-300x300.png 300w, https:\/\/mammothpearl.com\/wp-content\/uploads\/2025\/03\/citrusParty-2-150x150.png 150w, https:\/\/mammothpearl.com\/wp-content\/uploads\/2025\/03\/citrusParty-2-768x768.png 768w, https:\/\/mammothpearl.com\/wp-content\/uploads\/2025\/03\/citrusParty-2.png 1233w\" sizes=\"auto, (max-width: 1024px) 100vw, 1024px\" \/><\/figure>\n<\/div>\n<\/div>\n\n\n\n<div class=\"wp-block-columns lemmony-animation is-layout-flex wp-container-core-columns-is-layout-237abf13 wp-block-columns-is-layout-flex\" style=\"margin-bottom:3rem;padding-top:0;padding-bottom:0;--lemmony-animation-name:lemmonyFadeIn\">\n<div class=\"wp-block-column has-global-padding is-layout-constrained wp-block-column-is-layout-constrained\" style=\"flex-basis:30%\">\n<figure class=\"wp-block-image size-large\"><img loading=\"lazy\" decoding=\"async\" width=\"1024\" height=\"1024\" src=\"https:\/\/mammothpearl.com\/wp-content\/uploads\/2025\/03\/halhalf2-1-1024x1024.jpg\" alt=\"\" class=\"wp-image-482\" style=\"object-fit:cover\" srcset=\"https:\/\/mammothpearl.com\/wp-content\/uploads\/2025\/03\/halhalf2-1-1024x1024.jpg 1024w, https:\/\/mammothpearl.com\/wp-content\/uploads\/2025\/03\/halhalf2-1-300x300.jpg 300w, https:\/\/mammothpearl.com\/wp-content\/uploads\/2025\/03\/halhalf2-1-150x150.jpg 150w, https:\/\/mammothpearl.com\/wp-content\/uploads\/2025\/03\/halhalf2-1-768x768.jpg 768w, https:\/\/mammothpearl.com\/wp-content\/uploads\/2025\/03\/halhalf2-1.jpg 1233w\" sizes=\"auto, (max-width: 1024px) 100vw, 1024px\" \/><\/figure>\n<\/div>\n\n\n\n<div class=\"wp-block-column is-layout-flow wp-block-column-is-layout-flow\">\n<h4 class=\"wp-block-heading has-small-plus-font-size\" style=\"padding-top:0;padding-bottom:var(--wp--preset--spacing--10);padding-left:var(--wp--preset--spacing--10);font-style:normal;font-weight:100;letter-spacing:1px\">Half &amp; Half Sweet Tea<\/h4>\n\n\n\n<p class=\"has-body-color has-text-color has-link-color wp-elements-7ab5e1f435fe08c75676bb3af8581ac0\" style=\"padding-bottom:0px;padding-left:var(--wp--preset--spacing--10);line-height:1.4\">FORE! Half &amp; Half Sweet Tea is our take on the classic: half lemonade and half black iced tea, known for refreshment on and off the golf course. Our version is infused with 15MG of Delta-9 THC for a gentle buzz, measure for measure; and Half &amp; Half is sweetened only with real cane sugar, so its thirst-quenching talent is pure and natural. Up your game and treat yourself to Half &amp; Half Sweet Tea.  Arnold Palmer has left the building.<\/p>\n<\/div>\n<\/div>\n\n\n\n<div class=\"wp-block-columns lemmony-animation is-layout-flex wp-container-core-columns-is-layout-4ad72811 wp-block-columns-is-layout-flex\" style=\"margin-top:0rem;margin-bottom:2rem;padding-top:0;padding-bottom:0;--lemmony-animation-name:lemmonyFadeIn\">\n<div class=\"wp-block-column is-layout-flow wp-container-core-column-is-layout-10295ebd wp-block-column-is-layout-flow\" style=\"padding-right:var(--wp--preset--spacing--20)\">\n<h4 class=\"wp-block-heading has-small-plus-font-size\" style=\"padding-top:0;padding-bottom:var(--wp--preset--spacing--10);padding-left:var(--wp--preset--spacing--10);font-style:normal;font-weight:300;letter-spacing:1px\">Ros\u00e9 Spritz Sparkling Seltzer<\/h4>\n\n\n\n<p class=\"has-body-color has-text-color has-link-color wp-elements-8255715ebe96c04753c2b6939297021b\" style=\"padding-right:0;padding-bottom:0px;padding-left:var(--wp--preset--spacing--10);font-style:normal;font-weight:400;line-height:1.4\">Ring around the ros\u00e9. Our Ros\u00e9 Spritz is an enchanted forest of natural ros\u00e9 wine flavor, blossoming hibiscus and a proprietary tea blend infused with 3MG of CDB and 3MG Delta-9 THC. This refreshing seltzer is one of our new low-dose THC line for just the right amount of flight. It gets its sweetness from monkfruit instead of corn syrup or sugar, so it\u2019s light as a fairy godmother. Your wish is granted.<\/p>\n<\/div>\n\n\n\n<div class=\"wp-block-column lemmony-animation has-global-padding is-layout-constrained wp-block-column-is-layout-constrained\" style=\"flex-basis:30%;--lemmony-animation-name:lemmonyFadeIn\">\n<figure class=\"wp-block-image size-large\"><img loading=\"lazy\" decoding=\"async\" width=\"1024\" height=\"1024\" src=\"https:\/\/mammothpearl.com\/wp-content\/uploads\/2025\/03\/rose-1-1024x1024.png\" alt=\"\" class=\"wp-image-489\" style=\"object-fit:cover\" srcset=\"https:\/\/mammothpearl.com\/wp-content\/uploads\/2025\/03\/rose-1-1024x1024.png 1024w, https:\/\/mammothpearl.com\/wp-content\/uploads\/2025\/03\/rose-1-300x300.png 300w, https:\/\/mammothpearl.com\/wp-content\/uploads\/2025\/03\/rose-1-150x150.png 150w, https:\/\/mammothpearl.com\/wp-content\/uploads\/2025\/03\/rose-1-768x768.png 768w, https:\/\/mammothpearl.com\/wp-content\/uploads\/2025\/03\/rose-1.png 1233w\" sizes=\"auto, (max-width: 1024px) 100vw, 1024px\" \/><\/figure>\n<\/div>\n<\/div>\n\n\n\n<div class=\"wp-block-columns lemmony-animation is-layout-flex wp-container-core-columns-is-layout-237abf13 wp-block-columns-is-layout-flex\" style=\"margin-bottom:3rem;padding-top:0;padding-bottom:0;--lemmony-animation-name:lemmonyFadeIn\">\n<div class=\"wp-block-column has-global-padding is-layout-constrained wp-block-column-is-layout-constrained\" style=\"flex-basis:30%\">\n<figure class=\"wp-block-image size-large\"><img loading=\"lazy\" decoding=\"async\" width=\"1024\" height=\"1024\" src=\"https:\/\/mammothpearl.com\/wp-content\/uploads\/2025\/03\/bourbonOf-1-1024x1024.jpg\" alt=\"\" class=\"wp-image-509\" style=\"object-fit:cover\" srcset=\"https:\/\/mammothpearl.com\/wp-content\/uploads\/2025\/03\/bourbonOf-1-1024x1024.jpg 1024w, https:\/\/mammothpearl.com\/wp-content\/uploads\/2025\/03\/bourbonOf-1-300x300.jpg 300w, https:\/\/mammothpearl.com\/wp-content\/uploads\/2025\/03\/bourbonOf-1-150x150.jpg 150w, https:\/\/mammothpearl.com\/wp-content\/uploads\/2025\/03\/bourbonOf-1-768x768.jpg 768w, https:\/\/mammothpearl.com\/wp-content\/uploads\/2025\/03\/bourbonOf-1.jpg 1233w\" sizes=\"auto, (max-width: 1024px) 100vw, 1024px\" \/><\/figure>\n<\/div>\n\n\n\n<div class=\"wp-block-column is-layout-flow wp-block-column-is-layout-flow\">\n<h4 class=\"wp-block-heading has-small-plus-font-size\" style=\"padding-top:0;padding-bottom:var(--wp--preset--spacing--10);padding-left:var(--wp--preset--spacing--10);font-style:normal;font-weight:100;letter-spacing:1px\">Bourbon of the Future<\/h4>\n\n\n\n<p class=\"has-body-color has-text-color has-link-color wp-elements-f49a51decf25d16dfbbd16dfbb001aae\" style=\"padding-bottom:0px;padding-left:var(--wp--preset--spacing--10);line-height:1.4\">This is what you\u2019ve been waiting for! The balance of sweetness and oak that can only come from bourbon 2.0. It\u2019s got silky caramel, freshly baked vanilla and spicy cherry, and its notes of cardamom and clove make it truly BEYOND. You can have tomorrow\u2019s whiskey TODAY.  Flying cars or no flying cars, please drink responsibly.<\/p>\n<\/div>\n<\/div>\n\n\n\n<div class=\"wp-block-columns lemmony-animation is-layout-flex wp-container-core-columns-is-layout-4ad72811 wp-block-columns-is-layout-flex\" style=\"margin-top:0rem;margin-bottom:2rem;padding-top:0;padding-bottom:0;--lemmony-animation-name:lemmonyFadeIn\">\n<div class=\"wp-block-column is-layout-flow wp-container-core-column-is-layout-10295ebd wp-block-column-is-layout-flow\" style=\"padding-right:var(--wp--preset--spacing--20)\">\n<h4 class=\"wp-block-heading has-small-plus-font-size\" style=\"padding-top:0;padding-bottom:var(--wp--preset--spacing--10);padding-left:var(--wp--preset--spacing--10);font-style:normal;font-weight:300;letter-spacing:1px\">Fellowship of the Gin<\/h4>\n\n\n\n<p class=\"has-body-color has-text-color has-link-color wp-elements-89f188740ada7bee143ce0b150dd865f\" style=\"padding-right:0;padding-bottom:0px;padding-left:var(--wp--preset--spacing--10);font-style:normal;font-weight:400;line-height:1.4\">Welcome! We put juniper berries and botanicals shoulder to shoulder for a smooth but complex palate. &nbsp;Give us your gimlets, your tonics and \u2018tinis, and we\u2019ll give you notes of citrus and pepper with just right amount of pine and a long finish. Join the big-tent of gin-lovers in Fellowship of the Gin. Because we\u2019re all in this together.<\/p>\n<\/div>\n\n\n\n<div class=\"wp-block-column lemmony-animation has-global-padding is-layout-constrained wp-block-column-is-layout-constrained\" style=\"flex-basis:30%;--lemmony-animation-name:lemmonyFadeIn\">\n<figure class=\"wp-block-image size-large\"><img loading=\"lazy\" decoding=\"async\" width=\"1024\" height=\"1024\" src=\"https:\/\/mammothpearl.com\/wp-content\/uploads\/2025\/03\/fellowGin-1024x1024.jpg\" alt=\"\" class=\"wp-image-510\" style=\"object-fit:cover\" srcset=\"https:\/\/mammothpearl.com\/wp-content\/uploads\/2025\/03\/fellowGin-1024x1024.jpg 1024w, https:\/\/mammothpearl.com\/wp-content\/uploads\/2025\/03\/fellowGin-300x300.jpg 300w, https:\/\/mammothpearl.com\/wp-content\/uploads\/2025\/03\/fellowGin-150x150.jpg 150w, https:\/\/mammothpearl.com\/wp-content\/uploads\/2025\/03\/fellowGin-768x768.jpg 768w, https:\/\/mammothpearl.com\/wp-content\/uploads\/2025\/03\/fellowGin.jpg 1233w\" sizes=\"auto, (max-width: 1024px) 100vw, 1024px\" \/><\/figure>\n<\/div>\n<\/div>\n\n\n\n<p><\/p>\n","protected":false},"excerpt":{"rendered":"<p>High Hop &#8216;n Honey Water Redefine the BUZZ. We took our aromatic, sweet, sparkling tea\u2013the one made with raw honey and citra hops for juicy notes of mango and grapefruit\u2013and added 3MG of Delta-9 THC from organic, midwestern hemp. The result is High Hop N\u2019 Honey, an adult version of our popular Hop \u2018N Honey [&hellip;]<\/p>\n","protected":false},"author":1,"featured_media":512,"parent":0,"menu_order":0,"comment_status":"closed","ping_status":"closed","template":"testtemplate","meta":{"footnotes":""},"class_list":["post-728","page","type-page","status-publish","has-post-thumbnail","hentry"],"_links":{"self":[{"href":"https:\/\/mammothpearl.com\/index.php\/wp-json\/wp\/v2\/pages\/728","targetHints":{"allow":["GET"]}}],"collection":[{"href":"https:\/\/mammothpearl.com\/index.php\/wp-json\/wp\/v2\/pages"}],"about":[{"href":"https:\/\/mammothpearl.com\/index.php\/wp-json\/wp\/v2\/types\/page"}],"author":[{"embeddable":true,"href":"https:\/\/mammothpearl.com\/index.php\/wp-json\/wp\/v2\/users\/1"}],"replies":[{"embeddable":true,"href":"https:\/\/mammothpearl.com\/index.php\/wp-json\/wp\/v2\/comments?post=728"}],"version-history":[{"count":6,"href":"https:\/\/mammothpearl.com\/index.php\/wp-json\/wp\/v2\/pages\/728\/revisions"}],"predecessor-version":[{"id":1405,"href":"https:\/\/mammothpearl.com\/index.php\/wp-json\/wp\/v2\/pages\/728\/revisions\/1405"}],"wp:featuredmedia":[{"embeddable":true,"href":"https:\/\/mammothpearl.com\/index.php\/wp-json\/wp\/v2\/media\/512"}],"wp:attachment":[{"href":"https:\/\/mammothpearl.com\/index.php\/wp-json\/wp\/v2\/media?parent=728"}],"curies":[{"name":"wp","href":"https:\/\/api.w.org\/{rel}","templated":true}]}}